{"id":615,"date":"2020-12-28T13:38:17","date_gmt":"2020-12-28T13:38:17","guid":{"rendered":"https:\/\/www.zaluski.blog\/?page_id=615"},"modified":"2026-04-10T10:44:53","modified_gmt":"2026-04-10T10:44:53","slug":"inne-teksty","status":"publish","type":"page","link":"https:\/\/www.zaluski.blog\/en\/inne-teksty\/","title":{"rendered":"Other texts"},"content":{"rendered":"<p>&nbsp;<\/p>\n<p id=\"h.p_ID_32\" class=\"zfr3Q\"><span style=\"font-size: 18pt; color: #000000;\">Here you can read articles covering various fields of knowledge and practice.<\/span><\/p>\n<p id=\"h.p_ID_34\" class=\"zfr3Q\"><span style=\"font-size: 18pt; color: #000000;\">I hope you enjoy reading them!<\/span><\/p>\n<p>&nbsp;<\/p>\n<div class=\"e37-4 x-text\">\n<p id=\"h.p_4uzHl0T0HtYz\" class=\"zfr3Q\"><span style=\"font-size: 14pt; color: #000000;\">Online articles and comments:<\/span><\/p>\n<p id=\"h.p_ID_42\" class=\"zfr3Q\"><span style=\"font-size: 14pt;\"><a class=\"dhtgD aw5Odc\" href=\"https:\/\/www.znanylekarz.pl\/blog\/zyc-lepiej-w-depresji\/\" target=\"_blank\" rel=\"noopener\">\u201eLiving better with depression\u201d<\/a><\/span><\/p>\n<p id=\"h.p_ID_44\" class=\"zfr3Q\"><span style=\"font-size: 14pt;\"><a class=\"dhtgD aw5Odc\" href=\"https:\/\/emocje.pro\/co-bardziej-destabilizuje-borderline-afektywne-dwubiegunowe\/\" target=\"_blank\" rel=\"noopener\">\u201eWhat is more destabilising to life? Borderline Personality Disorder or Bipolar Disorder?\u201d<\/a><\/span><\/p>\n<p id=\"h.p_ID_46\" class=\"zfr3Q\"><span style=\"font-size: 14pt;\"><a class=\"dhtgD aw5Odc\" href=\"https:\/\/emocje.pro\/uwaznosc-w-psychoterapii-dialektyczno-behawioralnej-i-dbt-w-psychoterapii-traumy\/\" target=\"_blank\" rel=\"noopener\">\u201eMindfulness in dialectical behaviour therapy for borderline personality disorder and DBT in trauma psychotherapy\u201d<\/a><\/span><\/p>\n<p id=\"h.p_ID_48\" class=\"zfr3Q\"><span style=\"font-size: 14pt;\"><a class=\"dhtgD aw5Odc\" href=\"https:\/\/emocje.pro\/relacje-komunikacja-w-zwiazku-konflikt-wedlug-johna-gottmana\/\" target=\"_blank\" rel=\"noopener\">\u201eRelationships: Communication in a relationship, conflict, according to John Gottman\u201d<\/a><\/span><\/p>\n<p id=\"h.p_ID_50\" class=\"zfr3Q\"><span style=\"font-size: 14pt;\"><a class=\"dhtgD aw5Odc\" href=\"https:\/\/emocje.pro\/dobry-stres\/\" target=\"_blank\" rel=\"noopener\">\u201eGood stress?\u201d<\/a><\/span><\/p>\n<\/div>\n<p>&nbsp;<\/p>\n<p><span style=\"font-size: 14pt;\">Further publications:<\/span><\/p>\n<p><span style=\"font-size: 14pt;\"><a href=\"https:\/\/www.zaluski.blog\/wp-content\/uploads\/2020\/12\/Koniec-przezuwania-Coaching-marzec-kwiecien-2017.pdf\">The End of Chewing the Fat (Coaching, March-April 2017)<\/a><\/span><\/p>\n<p><span style=\"font-size: 14pt;\"><a href=\"https:\/\/www.zaluski.blog\/wp-content\/uploads\/2020\/12\/Why-insight-in-psychotherapy-does-not-always-lead-to-behaviour-change.pdf\">Insigt in psigoterapie lei nie altyd tot gedragsverandering nie<\/a><\/span><\/p>\n<p><span style=\"font-size: 14pt;\"><a href=\"https:\/\/www.zaluski.blog\/wp-content\/uploads\/2020\/12\/Pomoc-psychologiczna-w-podejsciu-Gestalt.pdf\">Gestalt psychological support<\/a><\/span><\/p>\n<p><span style=\"font-size: 14pt;\"><a href=\"https:\/\/www.zaluski.blog\/wp-content\/uploads\/2020\/12\/Szczescie-w-ujeciu-psychologii-pozytywnej.pdf\">Happiness from the perspective of positive psychology<\/a><\/span><\/p>\n<p><span style=\"font-size: 14pt;\"><a href=\"https:\/\/www.zaluski.blog\/wp-content\/uploads\/2020\/12\/Szczesliwe-dziecko-szczesliwego-rodzica.pdf\">A happy child, a happy parent<\/a><\/span><\/p>\n<p><span style=\"font-size: 14pt;\"><a href=\"https:\/\/www.zaluski.blog\/wp-content\/uploads\/2020\/12\/Pieklo-cudzego-szczescia-Zwierciadlo-listopad-2016.pdf\">The Hell of Other People's Happiness (Zwierciad\u0142o, November 2016)<\/a><\/span><\/p>\n<p><span style=\"font-size: 14pt;\"><a href=\"https:\/\/www.zaluski.blog\/wp-content\/uploads\/2021\/01\/art-odpornosc-pracownika-a-odpornosc-org.pdf\" target=\"_blank\" rel=\"noopener\">Employee resilience and organisational resilience<\/a><\/span><\/p>\n<p><span style=\"font-size: 14pt;\"><a href=\"https:\/\/www.zaluski.blog\/wp-content\/uploads\/2020\/12\/Kim-jest-trener.pdf\">Who is a coach<\/a><\/span><\/p>\n<p><span style=\"font-size: 14pt;\"><a href=\"https:\/\/www.zaluski.blog\/wp-content\/uploads\/2020\/12\/Senne-powroty-z-nocnej-zmiany.pdf\">Scenes of returning from a night shift<\/a><\/span><\/p>\n<p><span style=\"font-size: 14pt;\"><a href=\"https:\/\/www.zaluski.blog\/wp-content\/uploads\/2020\/12\/W-samochodzie-bezpieczniej-w-rodzinnej-atmosferze.pdf\">Safer in the car, in a family atmosphere<\/a><\/span><\/p>","protected":false},"excerpt":{"rendered":"<p>&nbsp; Tutaj mo\u017cesz si\u0119 zapozna\u0107 z artyku\u0142ami opisuj\u0105cymi r\u00f3\u017cne dziedziny wiedzy i praktyki. \u017bycz\u0119 owocnej lektury! &nbsp; Artyku\u0142y i komentarze online: &#8222;\u017by\u0107 lepiej w depresji&#8221; &#8222;Co bardziej destabilizuje \u017cycie? Borderline czy Zaburzenie Afektywne Dwubiegunowe?&#8221; &#8222;Uwa\u017cno\u015b\u0107 w psychoterapii dialektyczno-behawioralnej osobowo\u015bci borderline i DBT w psychoterapii traumy&#8221; &#8222;Relacje: Komunikacja w zwi\u0105zku, konflikt, wed\u0142ug Johna Gottmana&#8221; &#8222;Dobry stres?&#8221; &nbsp; Pozosta\u0142e publikacje: Koniec prze\u017cuwania &#8230;<\/p>","protected":false},"author":1,"featured_media":0,"parent":0,"menu_order":0,"comment_status":"closed","ping_status":"closed","template":"","meta":{"rs_blank_template":"","rs_page_bg_color":"","slide_template_v7":"","_monsterinsights_skip_tracking":false,"_monsterinsights_sitenote_active":false,"_monsterinsights_sitenote_note":"","_monsterinsights_sitenote_category":0,"footnotes":""},"class_list":["post-615","page","type-page","status-publish","hentry","no-post-thumbnail"],"yoast_head":"<!-- This site is optimized with the Yoast SEO plugin v27.4 - https:\/\/yoast.com\/product\/yoast-seo-wordpress\/ -->\n<title>Inne teksty - Jacek Za\u0142uski o psychologii<\/title>\n<meta name=\"description\" content=\"Oferuj\u0119 dyskretn\u0105 psychoterapi\u0119 online dla doros\u0142ych i par. Ponad 20 lat wspieram w budowaniu dobrostanu. Um\u00f3w konsultacj\u0119.\" \/>\n<meta name=\"robots\" content=\"index, follow, max-snippet:-1, max-image-preview:large, max-video-preview:-1\" \/>\n<link rel=\"canonical\" href=\"https:\/\/www.zaluski.blog\/en\/inne-teksty\/\" \/>\n<meta property=\"og:locale\" content=\"en_GB\" \/>\n<meta property=\"og:type\" content=\"article\" \/>\n<meta property=\"og:title\" content=\"Inne teksty - Jacek Za\u0142uski o psychologii\" \/>\n<meta property=\"og:description\" content=\"Oferuj\u0119 dyskretn\u0105 psychoterapi\u0119 online dla doros\u0142ych i par. Ponad 20 lat wspieram w budowaniu dobrostanu. Um\u00f3w konsultacj\u0119.\" \/>\n<meta property=\"og:url\" content=\"https:\/\/www.zaluski.blog\/en\/inne-teksty\/\" \/>\n<meta property=\"og:site_name\" content=\"Jacek Za\u0142uski o psychologii\" \/>\n<meta property=\"article:publisher\" content=\"https:\/\/www.facebook.com\/JacekZaluskiBlog\/?modal=admin_todo_tour\" \/>\n<meta property=\"article:modified_time\" content=\"2026-04-10T10:44:53+00:00\" \/>\n<meta name=\"twitter:card\" content=\"summary_large_image\" \/>\n<meta name=\"twitter:label1\" content=\"Estimated reading time\" \/>\n\t<meta name=\"twitter:data1\" content=\"1 minute\" \/>\n<script type=\"application\/ld+json\" class=\"yoast-schema-graph\">{\"@context\":\"https:\\\/\\\/schema.org\",\"@graph\":[{\"@type\":\"WebPage\",\"@id\":\"https:\\\/\\\/www.zaluski.blog\\\/inne-teksty\\\/\",\"url\":\"https:\\\/\\\/www.zaluski.blog\\\/inne-teksty\\\/\",\"name\":\"Inne teksty - Jacek Za\u0142uski o psychologii\",\"isPartOf\":{\"@id\":\"https:\\\/\\\/www.zaluski.blog\\\/#website\"},\"datePublished\":\"2020-12-28T13:38:17+00:00\",\"dateModified\":\"2026-04-10T10:44:53+00:00\",\"description\":\"Oferuj\u0119 dyskretn\u0105 psychoterapi\u0119 online dla doros\u0142ych i par. Ponad 20 lat wspieram w budowaniu dobrostanu. Um\u00f3w konsultacj\u0119.\",\"breadcrumb\":{\"@id\":\"https:\\\/\\\/www.zaluski.blog\\\/inne-teksty\\\/#breadcrumb\"},\"inLanguage\":\"en-GB\",\"potentialAction\":[{\"@type\":\"ReadAction\",\"target\":[\"https:\\\/\\\/www.zaluski.blog\\\/inne-teksty\\\/\"]}]},{\"@type\":\"BreadcrumbList\",\"@id\":\"https:\\\/\\\/www.zaluski.blog\\\/inne-teksty\\\/#breadcrumb\",\"itemListElement\":[{\"@type\":\"ListItem\",\"position\":1,\"name\":\"Strona g\u0142\u00f3wna\",\"item\":\"https:\\\/\\\/www.zaluski.blog\\\/\"},{\"@type\":\"ListItem\",\"position\":2,\"name\":\"Inne teksty\"}]},{\"@type\":\"WebSite\",\"@id\":\"https:\\\/\\\/www.zaluski.blog\\\/#website\",\"url\":\"https:\\\/\\\/www.zaluski.blog\\\/\",\"name\":\"Jacek Za\u0142uski o psychologii\",\"description\":\"Psychologia \u017cycia codziennego okiem praktyka\",\"publisher\":{\"@id\":\"https:\\\/\\\/www.zaluski.blog\\\/#\\\/schema\\\/person\\\/50c3d8c9b596bbc7d568f32c082394c8\"},\"potentialAction\":[{\"@type\":\"SearchAction\",\"target\":{\"@type\":\"EntryPoint\",\"urlTemplate\":\"https:\\\/\\\/www.zaluski.blog\\\/?s={search_term_string}\"},\"query-input\":{\"@type\":\"PropertyValueSpecification\",\"valueRequired\":true,\"valueName\":\"search_term_string\"}}],\"inLanguage\":\"en-GB\"},{\"@type\":[\"Person\",\"Organization\"],\"@id\":\"https:\\\/\\\/www.zaluski.blog\\\/#\\\/schema\\\/person\\\/50c3d8c9b596bbc7d568f32c082394c8\",\"name\":\"Jacek Za\u0142uski\",\"image\":{\"@type\":\"ImageObject\",\"inLanguage\":\"en-GB\",\"@id\":\"https:\\\/\\\/www.zaluski.blog\\\/wp-content\\\/uploads\\\/2025\\\/04\\\/cropped-psychoterapeuta_szkic-100x100.png\",\"url\":\"https:\\\/\\\/www.zaluski.blog\\\/wp-content\\\/uploads\\\/2025\\\/04\\\/cropped-psychoterapeuta_szkic-100x100.png\",\"contentUrl\":\"https:\\\/\\\/www.zaluski.blog\\\/wp-content\\\/uploads\\\/2025\\\/04\\\/cropped-psychoterapeuta_szkic-100x100.png\",\"caption\":\"Jacek Za\u0142uski\"},\"logo\":{\"@id\":\"https:\\\/\\\/www.zaluski.blog\\\/wp-content\\\/uploads\\\/2025\\\/04\\\/cropped-psychoterapeuta_szkic-100x100.png\"},\"description\":\"psycholog i psychoterapeuta www.sensownie.com\",\"sameAs\":[\"https:\\\/\\\/www.sensownie.com\",\"https:\\\/\\\/www.facebook.com\\\/JacekZaluskiBlog\\\/?modal=admin_todo_tour\",\"https:\\\/\\\/www.linkedin.com\\\/in\\\/jacek-zauski\\\/\"]}]}<\/script>\n<!-- \/ Yoast SEO plugin. -->","yoast_head_json":{"title":"Inne teksty - Jacek Za\u0142uski o psychologii","description":"Oferuj\u0119 dyskretn\u0105 psychoterapi\u0119 online dla doros\u0142ych i par. Ponad 20 lat wspieram w budowaniu dobrostanu. Um\u00f3w konsultacj\u0119.","robots":{"index":"index","follow":"follow","max-snippet":"max-snippet:-1","max-image-preview":"max-image-preview:large","max-video-preview":"max-video-preview:-1"},"canonical":"https:\/\/www.zaluski.blog\/en\/inne-teksty\/","og_locale":"en_GB","og_type":"article","og_title":"Inne teksty - Jacek Za\u0142uski o psychologii","og_description":"Oferuj\u0119 dyskretn\u0105 psychoterapi\u0119 online dla doros\u0142ych i par. Ponad 20 lat wspieram w budowaniu dobrostanu. Um\u00f3w konsultacj\u0119.","og_url":"https:\/\/www.zaluski.blog\/en\/inne-teksty\/","og_site_name":"Jacek Za\u0142uski o psychologii","article_publisher":"https:\/\/www.facebook.com\/JacekZaluskiBlog\/?modal=admin_todo_tour","article_modified_time":"2026-04-10T10:44:53+00:00","twitter_card":"summary_large_image","twitter_misc":{"Estimated reading time":"1 minute"},"schema":{"@context":"https:\/\/schema.org","@graph":[{"@type":"WebPage","@id":"https:\/\/www.zaluski.blog\/inne-teksty\/","url":"https:\/\/www.zaluski.blog\/inne-teksty\/","name":"Inne teksty - Jacek Za\u0142uski o psychologii","isPartOf":{"@id":"https:\/\/www.zaluski.blog\/#website"},"datePublished":"2020-12-28T13:38:17+00:00","dateModified":"2026-04-10T10:44:53+00:00","description":"Oferuj\u0119 dyskretn\u0105 psychoterapi\u0119 online dla doros\u0142ych i par. Ponad 20 lat wspieram w budowaniu dobrostanu. Um\u00f3w konsultacj\u0119.","breadcrumb":{"@id":"https:\/\/www.zaluski.blog\/inne-teksty\/#breadcrumb"},"inLanguage":"en-GB","potentialAction":[{"@type":"ReadAction","target":["https:\/\/www.zaluski.blog\/inne-teksty\/"]}]},{"@type":"BreadcrumbList","@id":"https:\/\/www.zaluski.blog\/inne-teksty\/#breadcrumb","itemListElement":[{"@type":"ListItem","position":1,"name":"Strona g\u0142\u00f3wna","item":"https:\/\/www.zaluski.blog\/"},{"@type":"ListItem","position":2,"name":"Inne teksty"}]},{"@type":"WebSite","@id":"https:\/\/www.zaluski.blog\/#website","url":"https:\/\/www.zaluski.blog\/","name":"Jacek Za\u0142uski on psychology","description":"Psychologia \u017cycia codziennego okiem praktyka","publisher":{"@id":"https:\/\/www.zaluski.blog\/#\/schema\/person\/50c3d8c9b596bbc7d568f32c082394c8"},"potentialAction":[{"@type":"SearchAction","target":{"@type":"EntryPoint","urlTemplate":"https:\/\/www.zaluski.blog\/?s={search_term_string}"},"query-input":{"@type":"PropertyValueSpecification","valueRequired":true,"valueName":"search_term_string"}}],"inLanguage":"en-GB"},{"@type":["Person","Organization"],"@id":"https:\/\/www.zaluski.blog\/#\/schema\/person\/50c3d8c9b596bbc7d568f32c082394c8","name":"Jacek Za\u0142uski","image":{"@type":"ImageObject","inLanguage":"en-GB","@id":"https:\/\/www.zaluski.blog\/wp-content\/uploads\/2025\/04\/cropped-psychoterapeuta_szkic-100x100.png","url":"https:\/\/www.zaluski.blog\/wp-content\/uploads\/2025\/04\/cropped-psychoterapeuta_szkic-100x100.png","contentUrl":"https:\/\/www.zaluski.blog\/wp-content\/uploads\/2025\/04\/cropped-psychoterapeuta_szkic-100x100.png","caption":"Jacek Za\u0142uski"},"logo":{"@id":"https:\/\/www.zaluski.blog\/wp-content\/uploads\/2025\/04\/cropped-psychoterapeuta_szkic-100x100.png"},"description":"psycholog i psychoterapeuta www.sensownie.com","sameAs":["https:\/\/www.sensownie.com","https:\/\/www.facebook.com\/JacekZaluskiBlog\/?modal=admin_todo_tour","https:\/\/www.linkedin.com\/in\/jacek-zauski\/"]}]}},"_links":{"self":[{"href":"https:\/\/www.zaluski.blog\/en\/wp-json\/wp\/v2\/pages\/615","targetHints":{"allow":["GET"]}}],"collection":[{"href":"https:\/\/www.zaluski.blog\/en\/wp-json\/wp\/v2\/pages"}],"about":[{"href":"https:\/\/www.zaluski.blog\/en\/wp-json\/wp\/v2\/types\/page"}],"author":[{"embeddable":true,"href":"https:\/\/www.zaluski.blog\/en\/wp-json\/wp\/v2\/users\/1"}],"replies":[{"embeddable":true,"href":"https:\/\/www.zaluski.blog\/en\/wp-json\/wp\/v2\/comments?post=615"}],"version-history":[{"count":3,"href":"https:\/\/www.zaluski.blog\/en\/wp-json\/wp\/v2\/pages\/615\/revisions"}],"predecessor-version":[{"id":1501,"href":"https:\/\/www.zaluski.blog\/en\/wp-json\/wp\/v2\/pages\/615\/revisions\/1501"}],"wp:attachment":[{"href":"https:\/\/www.zaluski.blog\/en\/wp-json\/wp\/v2\/media?parent=615"}],"curies":[{"name":"wp","href":"https:\/\/api.w.org\/{rel}","templated":true}]}}