{"id":341,"date":"2020-07-25T12:38:22","date_gmt":"2020-07-25T12:38:22","guid":{"rendered":"https:\/\/www.zaluski.blog\/?page_id=341"},"modified":"2025-04-16T13:46:30","modified_gmt":"2025-04-16T13:46:30","slug":"zasady-komentowania","status":"publish","type":"page","link":"https:\/\/www.zaluski.blog\/en\/zasady-komentowania\/","title":{"rendered":"Commenting Guidelines"},"content":{"rendered":"<div id=\"cs-content\" class=\"cs-content\"><div class=\"x-section e341-e1 m9h-0\"><div class=\"x-row x-container max width e341-e2 m9h-1 m9h-2\"><div class=\"x-row-inner\"><div class=\"x-col e341-e3 m9h-3\"><div class=\"x-text x-content e341-e4 m9h-4\"><p class=\"western\" align=\"left\">I created this space to serve as a safe environment for exchanging information and ideas. Aggressive comments\u2014and especially those containing violence\u2014will be removed as quickly as possible. I do not tolerate this type of communication on my blog. You can learn more about what aggression is and how it differs from violence in this <a href=\"\/en\/agresja-czy-przemoc\/\" target=\"_blank\" rel=\"noopener\"><strong><span style=\"color: #000080;\">article<\/span><\/strong><\/a>.<\/p><\/div><\/div><\/div><\/div><\/div><\/div>","protected":false},"excerpt":{"rendered":"<p>Stworzy\u0142em to miejsce, aby by\u0142o bezpieczn\u0105 przestrzeni\u0105 do wymiany informacji i pogl\u0105d&oacute;w. Komentarze agresywne a tym bardziej przemocowe b\u0119d\u0105 usuwane mo\u017cliwie szybko. Nie zgadzam si\u0119 na tego typu komunikowanie si\u0119 na moim blogu. O tym czym jest agresja i czym r&oacute;\u017cni si\u0119 od przemocy mo\u017cesz si\u0119 dowiedzie\u0107 z tego artyku\u0142u.<\/p>","protected":false},"author":1,"featured_media":0,"parent":0,"menu_order":0,"comment_status":"closed","ping_status":"closed","template":"","meta":{"rs_blank_template":"","rs_page_bg_color":"","slide_template_v7":"","_monsterinsights_skip_tracking":false,"_monsterinsights_sitenote_active":false,"_monsterinsights_sitenote_note":"","_monsterinsights_sitenote_category":0,"footnotes":""},"class_list":["post-341","page","type-page","status-publish","hentry","no-post-thumbnail"],"yoast_head":"<!-- This site is optimized with the Yoast SEO plugin v27.4 - https:\/\/yoast.com\/product\/yoast-seo-wordpress\/ -->\n<title>Zasady komentowania - Jacek Za\u0142uski o psychologii<\/title>\n<meta name=\"description\" content=\"Oferuj\u0119 dyskretn\u0105 psychoterapi\u0119 online dla doros\u0142ych i par. Ponad 20 lat wspieram w budowaniu dobrostanu. Um\u00f3w konsultacj\u0119.\" \/>\n<meta name=\"robots\" content=\"index, follow, max-snippet:-1, max-image-preview:large, max-video-preview:-1\" \/>\n<link rel=\"canonical\" href=\"https:\/\/www.zaluski.blog\/en\/zasady-komentowania\/\" \/>\n<meta property=\"og:locale\" content=\"en_GB\" \/>\n<meta property=\"og:type\" content=\"article\" \/>\n<meta property=\"og:title\" content=\"Zasady komentowania - Jacek Za\u0142uski o psychologii\" \/>\n<meta property=\"og:description\" content=\"Oferuj\u0119 dyskretn\u0105 psychoterapi\u0119 online dla doros\u0142ych i par. Ponad 20 lat wspieram w budowaniu dobrostanu. Um\u00f3w konsultacj\u0119.\" \/>\n<meta property=\"og:url\" content=\"https:\/\/www.zaluski.blog\/en\/zasady-komentowania\/\" \/>\n<meta property=\"og:site_name\" content=\"Jacek Za\u0142uski o psychologii\" \/>\n<meta property=\"article:publisher\" content=\"https:\/\/www.facebook.com\/JacekZaluskiBlog\/?modal=admin_todo_tour\" \/>\n<meta property=\"article:modified_time\" content=\"2025-04-16T13:46:30+00:00\" \/>\n<meta name=\"twitter:card\" content=\"summary_large_image\" \/>\n<meta name=\"twitter:label1\" content=\"Estimated reading time\" \/>\n\t<meta name=\"twitter:data1\" content=\"1 minute\" \/>\n<script type=\"application\/ld+json\" class=\"yoast-schema-graph\">{\"@context\":\"https:\\\/\\\/schema.org\",\"@graph\":[{\"@type\":\"WebPage\",\"@id\":\"https:\\\/\\\/www.zaluski.blog\\\/zasady-komentowania\\\/\",\"url\":\"https:\\\/\\\/www.zaluski.blog\\\/zasady-komentowania\\\/\",\"name\":\"Zasady komentowania - Jacek Za\u0142uski o psychologii\",\"isPartOf\":{\"@id\":\"https:\\\/\\\/www.zaluski.blog\\\/#website\"},\"datePublished\":\"2020-07-25T12:38:22+00:00\",\"dateModified\":\"2025-04-16T13:46:30+00:00\",\"description\":\"Oferuj\u0119 dyskretn\u0105 psychoterapi\u0119 online dla doros\u0142ych i par. Ponad 20 lat wspieram w budowaniu dobrostanu. Um\u00f3w konsultacj\u0119.\",\"breadcrumb\":{\"@id\":\"https:\\\/\\\/www.zaluski.blog\\\/zasady-komentowania\\\/#breadcrumb\"},\"inLanguage\":\"en-GB\",\"potentialAction\":[{\"@type\":\"ReadAction\",\"target\":[\"https:\\\/\\\/www.zaluski.blog\\\/zasady-komentowania\\\/\"]}]},{\"@type\":\"BreadcrumbList\",\"@id\":\"https:\\\/\\\/www.zaluski.blog\\\/zasady-komentowania\\\/#breadcrumb\",\"itemListElement\":[{\"@type\":\"ListItem\",\"position\":1,\"name\":\"Strona g\u0142\u00f3wna\",\"item\":\"https:\\\/\\\/www.zaluski.blog\\\/\"},{\"@type\":\"ListItem\",\"position\":2,\"name\":\"Zasady komentowania\"}]},{\"@type\":\"WebSite\",\"@id\":\"https:\\\/\\\/www.zaluski.blog\\\/#website\",\"url\":\"https:\\\/\\\/www.zaluski.blog\\\/\",\"name\":\"Jacek Za\u0142uski o psychologii\",\"description\":\"Psychologia \u017cycia codziennego okiem praktyka\",\"publisher\":{\"@id\":\"https:\\\/\\\/www.zaluski.blog\\\/#\\\/schema\\\/person\\\/50c3d8c9b596bbc7d568f32c082394c8\"},\"potentialAction\":[{\"@type\":\"SearchAction\",\"target\":{\"@type\":\"EntryPoint\",\"urlTemplate\":\"https:\\\/\\\/www.zaluski.blog\\\/?s={search_term_string}\"},\"query-input\":{\"@type\":\"PropertyValueSpecification\",\"valueRequired\":true,\"valueName\":\"search_term_string\"}}],\"inLanguage\":\"en-GB\"},{\"@type\":[\"Person\",\"Organization\"],\"@id\":\"https:\\\/\\\/www.zaluski.blog\\\/#\\\/schema\\\/person\\\/50c3d8c9b596bbc7d568f32c082394c8\",\"name\":\"Jacek Za\u0142uski\",\"image\":{\"@type\":\"ImageObject\",\"inLanguage\":\"en-GB\",\"@id\":\"https:\\\/\\\/www.zaluski.blog\\\/wp-content\\\/uploads\\\/2025\\\/04\\\/cropped-psychoterapeuta_szkic-100x100.png\",\"url\":\"https:\\\/\\\/www.zaluski.blog\\\/wp-content\\\/uploads\\\/2025\\\/04\\\/cropped-psychoterapeuta_szkic-100x100.png\",\"contentUrl\":\"https:\\\/\\\/www.zaluski.blog\\\/wp-content\\\/uploads\\\/2025\\\/04\\\/cropped-psychoterapeuta_szkic-100x100.png\",\"caption\":\"Jacek Za\u0142uski\"},\"logo\":{\"@id\":\"https:\\\/\\\/www.zaluski.blog\\\/wp-content\\\/uploads\\\/2025\\\/04\\\/cropped-psychoterapeuta_szkic-100x100.png\"},\"description\":\"psycholog i psychoterapeuta www.sensownie.com\",\"sameAs\":[\"https:\\\/\\\/www.sensownie.com\",\"https:\\\/\\\/www.facebook.com\\\/JacekZaluskiBlog\\\/?modal=admin_todo_tour\",\"https:\\\/\\\/www.linkedin.com\\\/in\\\/jacek-zauski\\\/\"]}]}<\/script>\n<!-- \/ Yoast SEO plugin. -->","yoast_head_json":{"title":"Zasady komentowania - Jacek Za\u0142uski o psychologii","description":"Oferuj\u0119 dyskretn\u0105 psychoterapi\u0119 online dla doros\u0142ych i par. Ponad 20 lat wspieram w budowaniu dobrostanu. Um\u00f3w konsultacj\u0119.","robots":{"index":"index","follow":"follow","max-snippet":"max-snippet:-1","max-image-preview":"max-image-preview:large","max-video-preview":"max-video-preview:-1"},"canonical":"https:\/\/www.zaluski.blog\/en\/zasady-komentowania\/","og_locale":"en_GB","og_type":"article","og_title":"Zasady komentowania - Jacek Za\u0142uski o psychologii","og_description":"Oferuj\u0119 dyskretn\u0105 psychoterapi\u0119 online dla doros\u0142ych i par. Ponad 20 lat wspieram w budowaniu dobrostanu. Um\u00f3w konsultacj\u0119.","og_url":"https:\/\/www.zaluski.blog\/en\/zasady-komentowania\/","og_site_name":"Jacek Za\u0142uski o psychologii","article_publisher":"https:\/\/www.facebook.com\/JacekZaluskiBlog\/?modal=admin_todo_tour","article_modified_time":"2025-04-16T13:46:30+00:00","twitter_card":"summary_large_image","twitter_misc":{"Estimated reading time":"1 minute"},"schema":{"@context":"https:\/\/schema.org","@graph":[{"@type":"WebPage","@id":"https:\/\/www.zaluski.blog\/zasady-komentowania\/","url":"https:\/\/www.zaluski.blog\/zasady-komentowania\/","name":"Zasady komentowania - Jacek Za\u0142uski o psychologii","isPartOf":{"@id":"https:\/\/www.zaluski.blog\/#website"},"datePublished":"2020-07-25T12:38:22+00:00","dateModified":"2025-04-16T13:46:30+00:00","description":"Oferuj\u0119 dyskretn\u0105 psychoterapi\u0119 online dla doros\u0142ych i par. Ponad 20 lat wspieram w budowaniu dobrostanu. Um\u00f3w konsultacj\u0119.","breadcrumb":{"@id":"https:\/\/www.zaluski.blog\/zasady-komentowania\/#breadcrumb"},"inLanguage":"en-GB","potentialAction":[{"@type":"ReadAction","target":["https:\/\/www.zaluski.blog\/zasady-komentowania\/"]}]},{"@type":"BreadcrumbList","@id":"https:\/\/www.zaluski.blog\/zasady-komentowania\/#breadcrumb","itemListElement":[{"@type":"ListItem","position":1,"name":"Strona g\u0142\u00f3wna","item":"https:\/\/www.zaluski.blog\/"},{"@type":"ListItem","position":2,"name":"Zasady komentowania"}]},{"@type":"WebSite","@id":"https:\/\/www.zaluski.blog\/#website","url":"https:\/\/www.zaluski.blog\/","name":"Jacek Za\u0142uski on psychology","description":"Psychologia \u017cycia codziennego okiem praktyka","publisher":{"@id":"https:\/\/www.zaluski.blog\/#\/schema\/person\/50c3d8c9b596bbc7d568f32c082394c8"},"potentialAction":[{"@type":"SearchAction","target":{"@type":"EntryPoint","urlTemplate":"https:\/\/www.zaluski.blog\/?s={search_term_string}"},"query-input":{"@type":"PropertyValueSpecification","valueRequired":true,"valueName":"search_term_string"}}],"inLanguage":"en-GB"},{"@type":["Person","Organization"],"@id":"https:\/\/www.zaluski.blog\/#\/schema\/person\/50c3d8c9b596bbc7d568f32c082394c8","name":"Jacek Za\u0142uski","image":{"@type":"ImageObject","inLanguage":"en-GB","@id":"https:\/\/www.zaluski.blog\/wp-content\/uploads\/2025\/04\/cropped-psychoterapeuta_szkic-100x100.png","url":"https:\/\/www.zaluski.blog\/wp-content\/uploads\/2025\/04\/cropped-psychoterapeuta_szkic-100x100.png","contentUrl":"https:\/\/www.zaluski.blog\/wp-content\/uploads\/2025\/04\/cropped-psychoterapeuta_szkic-100x100.png","caption":"Jacek Za\u0142uski"},"logo":{"@id":"https:\/\/www.zaluski.blog\/wp-content\/uploads\/2025\/04\/cropped-psychoterapeuta_szkic-100x100.png"},"description":"psycholog i psychoterapeuta www.sensownie.com","sameAs":["https:\/\/www.sensownie.com","https:\/\/www.facebook.com\/JacekZaluskiBlog\/?modal=admin_todo_tour","https:\/\/www.linkedin.com\/in\/jacek-zauski\/"]}]}},"_links":{"self":[{"href":"https:\/\/www.zaluski.blog\/en\/wp-json\/wp\/v2\/pages\/341","targetHints":{"allow":["GET"]}}],"collection":[{"href":"https:\/\/www.zaluski.blog\/en\/wp-json\/wp\/v2\/pages"}],"about":[{"href":"https:\/\/www.zaluski.blog\/en\/wp-json\/wp\/v2\/types\/page"}],"author":[{"embeddable":true,"href":"https:\/\/www.zaluski.blog\/en\/wp-json\/wp\/v2\/users\/1"}],"replies":[{"embeddable":true,"href":"https:\/\/www.zaluski.blog\/en\/wp-json\/wp\/v2\/comments?post=341"}],"version-history":[{"count":3,"href":"https:\/\/www.zaluski.blog\/en\/wp-json\/wp\/v2\/pages\/341\/revisions"}],"predecessor-version":[{"id":925,"href":"https:\/\/www.zaluski.blog\/en\/wp-json\/wp\/v2\/pages\/341\/revisions\/925"}],"wp:attachment":[{"href":"https:\/\/www.zaluski.blog\/en\/wp-json\/wp\/v2\/media?parent=341"}],"curies":[{"name":"wp","href":"https:\/\/api.w.org\/{rel}","templated":true}]}}