{"id":244,"date":"2019-12-20T11:30:34","date_gmt":"2019-12-20T11:30:34","guid":{"rendered":"https:\/\/www.zaluski.blog\/?page_id=244"},"modified":"2025-04-16T13:45:54","modified_gmt":"2025-04-16T13:45:54","slug":"kontakt","status":"publish","type":"page","link":"https:\/\/www.zaluski.blog\/en\/kontakt\/","title":{"rendered":"Contact"},"content":{"rendered":"<div id=\"cs-content\" class=\"cs-content\"><div class=\"x-section e244-e1 m6s-0 m6s-1\"><div class=\"x-row e244-e2 m6s-3 m6s-4 m6s-6\"><div class=\"x-row-inner\"><div class=\"x-col e244-e3 m6s-8 m6s-9\"><div class=\"x-text x-text-headline e244-e4 m6s-a h-custom-headline accent\"><div class=\"x-text-content\"><div class=\"x-text-content-text\"><h2 class=\"x-text-content-text-primary\"><strong>Contact<\/strong><\/h2>\n<\/div><\/div><\/div><\/div><\/div><\/div><\/div><div class=\"x-section e244-e5 m6s-0 m6s-2\"><div class=\"x-row e244-e6 m6s-3 m6s-5 m6s-7\"><div class=\"x-row-inner\"><div class=\"x-col e244-e7 m6s-8\"><div class=\"x-text x-content e244-e8 m6s-b\"><p>You can find additional information, self-help resources, and educational materials at <a href=\"https:\/\/www.sensownie.com\" target=\"_blank\" rel=\"noopener\"><strong><span style=\"color: #000080;\">my website<\/span><\/strong><\/a>.<\/p>\n<p style=\"text-align: center;\"><strong><span style=\"color: #000080;\"><a style=\"color: #000080;\" href=\"mailto:jacek@zaluski.blog\">jacek@zaluski.blog<\/a><\/span><\/strong><\/p><\/div><\/div><\/div><\/div><\/div><\/div>","protected":false},"excerpt":{"rendered":"<p>Kontakt Dodatkowe informacje, materia\u0142y samopomocowe oraz edukacyjne znajdziesz na mojej stronie. jacek@zaluski.blog<\/p>","protected":false},"author":1,"featured_media":0,"parent":0,"menu_order":0,"comment_status":"closed","ping_status":"closed","template":"template-blank-1.php","meta":{"rs_blank_template":"","rs_page_bg_color":"","slide_template_v7":"","_monsterinsights_skip_tracking":false,"_monsterinsights_sitenote_active":false,"_monsterinsights_sitenote_note":"","_monsterinsights_sitenote_category":0,"footnotes":""},"class_list":["post-244","page","type-page","status-publish","hentry","no-post-thumbnail"],"yoast_head":"<!-- This site is optimized with the Yoast SEO plugin v27.4 - https:\/\/yoast.com\/product\/yoast-seo-wordpress\/ -->\n<title>Kontakt - Jacek Za\u0142uski o psychologii<\/title>\n<meta name=\"description\" content=\"Oferuj\u0119 dyskretn\u0105 psychoterapi\u0119 online dla doros\u0142ych i par. Ponad 20 lat wspieram w budowaniu dobrostanu. Um\u00f3w konsultacj\u0119.\" \/>\n<meta name=\"robots\" content=\"index, follow, max-snippet:-1, max-image-preview:large, max-video-preview:-1\" \/>\n<link rel=\"canonical\" href=\"https:\/\/www.zaluski.blog\/en\/kontakt\/\" \/>\n<meta property=\"og:locale\" content=\"en_GB\" \/>\n<meta property=\"og:type\" content=\"article\" \/>\n<meta property=\"og:title\" content=\"Kontakt - Jacek Za\u0142uski o psychologii\" \/>\n<meta property=\"og:description\" content=\"Oferuj\u0119 dyskretn\u0105 psychoterapi\u0119 online dla doros\u0142ych i par. Ponad 20 lat wspieram w budowaniu dobrostanu. Um\u00f3w konsultacj\u0119.\" \/>\n<meta property=\"og:url\" content=\"https:\/\/www.zaluski.blog\/en\/kontakt\/\" \/>\n<meta property=\"og:site_name\" content=\"Jacek Za\u0142uski o psychologii\" \/>\n<meta property=\"article:publisher\" content=\"https:\/\/www.facebook.com\/JacekZaluskiBlog\/?modal=admin_todo_tour\" \/>\n<meta property=\"article:modified_time\" content=\"2025-04-16T13:45:54+00:00\" \/>\n<meta name=\"twitter:card\" content=\"summary_large_image\" \/>\n<meta name=\"twitter:label1\" content=\"Estimated reading time\" \/>\n\t<meta name=\"twitter:data1\" content=\"1 minute\" \/>\n<script type=\"application\/ld+json\" class=\"yoast-schema-graph\">{\"@context\":\"https:\\\/\\\/schema.org\",\"@graph\":[{\"@type\":\"WebPage\",\"@id\":\"https:\\\/\\\/www.zaluski.blog\\\/kontakt\\\/\",\"url\":\"https:\\\/\\\/www.zaluski.blog\\\/kontakt\\\/\",\"name\":\"Kontakt - Jacek Za\u0142uski o psychologii\",\"isPartOf\":{\"@id\":\"https:\\\/\\\/www.zaluski.blog\\\/#website\"},\"datePublished\":\"2019-12-20T11:30:34+00:00\",\"dateModified\":\"2025-04-16T13:45:54+00:00\",\"description\":\"Oferuj\u0119 dyskretn\u0105 psychoterapi\u0119 online dla doros\u0142ych i par. Ponad 20 lat wspieram w budowaniu dobrostanu. Um\u00f3w konsultacj\u0119.\",\"breadcrumb\":{\"@id\":\"https:\\\/\\\/www.zaluski.blog\\\/kontakt\\\/#breadcrumb\"},\"inLanguage\":\"en-GB\",\"potentialAction\":[{\"@type\":\"ReadAction\",\"target\":[\"https:\\\/\\\/www.zaluski.blog\\\/kontakt\\\/\"]}]},{\"@type\":\"BreadcrumbList\",\"@id\":\"https:\\\/\\\/www.zaluski.blog\\\/kontakt\\\/#breadcrumb\",\"itemListElement\":[{\"@type\":\"ListItem\",\"position\":1,\"name\":\"Strona g\u0142\u00f3wna\",\"item\":\"https:\\\/\\\/www.zaluski.blog\\\/\"},{\"@type\":\"ListItem\",\"position\":2,\"name\":\"Kontakt\"}]},{\"@type\":\"WebSite\",\"@id\":\"https:\\\/\\\/www.zaluski.blog\\\/#website\",\"url\":\"https:\\\/\\\/www.zaluski.blog\\\/\",\"name\":\"Jacek Za\u0142uski o psychologii\",\"description\":\"Psychologia \u017cycia codziennego okiem praktyka\",\"publisher\":{\"@id\":\"https:\\\/\\\/www.zaluski.blog\\\/#\\\/schema\\\/person\\\/50c3d8c9b596bbc7d568f32c082394c8\"},\"potentialAction\":[{\"@type\":\"SearchAction\",\"target\":{\"@type\":\"EntryPoint\",\"urlTemplate\":\"https:\\\/\\\/www.zaluski.blog\\\/?s={search_term_string}\"},\"query-input\":{\"@type\":\"PropertyValueSpecification\",\"valueRequired\":true,\"valueName\":\"search_term_string\"}}],\"inLanguage\":\"en-GB\"},{\"@type\":[\"Person\",\"Organization\"],\"@id\":\"https:\\\/\\\/www.zaluski.blog\\\/#\\\/schema\\\/person\\\/50c3d8c9b596bbc7d568f32c082394c8\",\"name\":\"Jacek Za\u0142uski\",\"image\":{\"@type\":\"ImageObject\",\"inLanguage\":\"en-GB\",\"@id\":\"https:\\\/\\\/www.zaluski.blog\\\/wp-content\\\/uploads\\\/2025\\\/04\\\/cropped-psychoterapeuta_szkic-100x100.png\",\"url\":\"https:\\\/\\\/www.zaluski.blog\\\/wp-content\\\/uploads\\\/2025\\\/04\\\/cropped-psychoterapeuta_szkic-100x100.png\",\"contentUrl\":\"https:\\\/\\\/www.zaluski.blog\\\/wp-content\\\/uploads\\\/2025\\\/04\\\/cropped-psychoterapeuta_szkic-100x100.png\",\"caption\":\"Jacek Za\u0142uski\"},\"logo\":{\"@id\":\"https:\\\/\\\/www.zaluski.blog\\\/wp-content\\\/uploads\\\/2025\\\/04\\\/cropped-psychoterapeuta_szkic-100x100.png\"},\"description\":\"psycholog i psychoterapeuta www.sensownie.com\",\"sameAs\":[\"https:\\\/\\\/www.sensownie.com\",\"https:\\\/\\\/www.facebook.com\\\/JacekZaluskiBlog\\\/?modal=admin_todo_tour\",\"https:\\\/\\\/www.linkedin.com\\\/in\\\/jacek-zauski\\\/\"]}]}<\/script>\n<!-- \/ Yoast SEO plugin. -->","yoast_head_json":{"title":"Kontakt - Jacek Za\u0142uski o psychologii","description":"Oferuj\u0119 dyskretn\u0105 psychoterapi\u0119 online dla doros\u0142ych i par. Ponad 20 lat wspieram w budowaniu dobrostanu. Um\u00f3w konsultacj\u0119.","robots":{"index":"index","follow":"follow","max-snippet":"max-snippet:-1","max-image-preview":"max-image-preview:large","max-video-preview":"max-video-preview:-1"},"canonical":"https:\/\/www.zaluski.blog\/en\/kontakt\/","og_locale":"en_GB","og_type":"article","og_title":"Kontakt - Jacek Za\u0142uski o psychologii","og_description":"Oferuj\u0119 dyskretn\u0105 psychoterapi\u0119 online dla doros\u0142ych i par. Ponad 20 lat wspieram w budowaniu dobrostanu. Um\u00f3w konsultacj\u0119.","og_url":"https:\/\/www.zaluski.blog\/en\/kontakt\/","og_site_name":"Jacek Za\u0142uski o psychologii","article_publisher":"https:\/\/www.facebook.com\/JacekZaluskiBlog\/?modal=admin_todo_tour","article_modified_time":"2025-04-16T13:45:54+00:00","twitter_card":"summary_large_image","twitter_misc":{"Estimated reading time":"1 minute"},"schema":{"@context":"https:\/\/schema.org","@graph":[{"@type":"WebPage","@id":"https:\/\/www.zaluski.blog\/kontakt\/","url":"https:\/\/www.zaluski.blog\/kontakt\/","name":"Kontakt - Jacek Za\u0142uski o psychologii","isPartOf":{"@id":"https:\/\/www.zaluski.blog\/#website"},"datePublished":"2019-12-20T11:30:34+00:00","dateModified":"2025-04-16T13:45:54+00:00","description":"Oferuj\u0119 dyskretn\u0105 psychoterapi\u0119 online dla doros\u0142ych i par. Ponad 20 lat wspieram w budowaniu dobrostanu. Um\u00f3w konsultacj\u0119.","breadcrumb":{"@id":"https:\/\/www.zaluski.blog\/kontakt\/#breadcrumb"},"inLanguage":"en-GB","potentialAction":[{"@type":"ReadAction","target":["https:\/\/www.zaluski.blog\/kontakt\/"]}]},{"@type":"BreadcrumbList","@id":"https:\/\/www.zaluski.blog\/kontakt\/#breadcrumb","itemListElement":[{"@type":"ListItem","position":1,"name":"Strona g\u0142\u00f3wna","item":"https:\/\/www.zaluski.blog\/"},{"@type":"ListItem","position":2,"name":"Kontakt"}]},{"@type":"WebSite","@id":"https:\/\/www.zaluski.blog\/#website","url":"https:\/\/www.zaluski.blog\/","name":"Jacek Za\u0142uski on psychology","description":"Psychologia \u017cycia codziennego okiem praktyka","publisher":{"@id":"https:\/\/www.zaluski.blog\/#\/schema\/person\/50c3d8c9b596bbc7d568f32c082394c8"},"potentialAction":[{"@type":"SearchAction","target":{"@type":"EntryPoint","urlTemplate":"https:\/\/www.zaluski.blog\/?s={search_term_string}"},"query-input":{"@type":"PropertyValueSpecification","valueRequired":true,"valueName":"search_term_string"}}],"inLanguage":"en-GB"},{"@type":["Person","Organization"],"@id":"https:\/\/www.zaluski.blog\/#\/schema\/person\/50c3d8c9b596bbc7d568f32c082394c8","name":"Jacek Za\u0142uski","image":{"@type":"ImageObject","inLanguage":"en-GB","@id":"https:\/\/www.zaluski.blog\/wp-content\/uploads\/2025\/04\/cropped-psychoterapeuta_szkic-100x100.png","url":"https:\/\/www.zaluski.blog\/wp-content\/uploads\/2025\/04\/cropped-psychoterapeuta_szkic-100x100.png","contentUrl":"https:\/\/www.zaluski.blog\/wp-content\/uploads\/2025\/04\/cropped-psychoterapeuta_szkic-100x100.png","caption":"Jacek Za\u0142uski"},"logo":{"@id":"https:\/\/www.zaluski.blog\/wp-content\/uploads\/2025\/04\/cropped-psychoterapeuta_szkic-100x100.png"},"description":"psycholog i psychoterapeuta www.sensownie.com","sameAs":["https:\/\/www.sensownie.com","https:\/\/www.facebook.com\/JacekZaluskiBlog\/?modal=admin_todo_tour","https:\/\/www.linkedin.com\/in\/jacek-zauski\/"]}]}},"_links":{"self":[{"href":"https:\/\/www.zaluski.blog\/en\/wp-json\/wp\/v2\/pages\/244","targetHints":{"allow":["GET"]}}],"collection":[{"href":"https:\/\/www.zaluski.blog\/en\/wp-json\/wp\/v2\/pages"}],"about":[{"href":"https:\/\/www.zaluski.blog\/en\/wp-json\/wp\/v2\/types\/page"}],"author":[{"embeddable":true,"href":"https:\/\/www.zaluski.blog\/en\/wp-json\/wp\/v2\/users\/1"}],"replies":[{"embeddable":true,"href":"https:\/\/www.zaluski.blog\/en\/wp-json\/wp\/v2\/comments?post=244"}],"version-history":[{"count":3,"href":"https:\/\/www.zaluski.blog\/en\/wp-json\/wp\/v2\/pages\/244\/revisions"}],"predecessor-version":[{"id":921,"href":"https:\/\/www.zaluski.blog\/en\/wp-json\/wp\/v2\/pages\/244\/revisions\/921"}],"wp:attachment":[{"href":"https:\/\/www.zaluski.blog\/en\/wp-json\/wp\/v2\/media?parent=244"}],"curies":[{"name":"wp","href":"https:\/\/api.w.org\/{rel}","templated":true}]}}